{"id":5,"date":"2017-01-16T23:34:27","date_gmt":"2017-01-16T20:34:27","guid":{"rendered":"http:\/\/yedimet.com\/?page_id=5"},"modified":"2023-10-12T11:40:27","modified_gmt":"2023-10-12T08:40:27","slug":"yedimet","status":"publish","type":"page","link":"https:\/\/www.yedimet.com\/","title":{"rendered":"YED\u0130M ET"},"content":{"rendered":"<div class=\"fusion-fullwidth fullwidth-box fusion-builder-row-1 nonhundred-percent-fullwidth non-hundred-percent-height-scrolling\" style=\"background-color: rgba(255,255,255,0);background-position: left top;background-repeat: no-repeat;padding-top:20px;padding-right:0px;padding-bottom:20px;padding-left:0px;margin-bottom: 0px;margin-top: 0px;border-width: 0px 0px 0px 0px;border-color:#eae9e9;border-style:solid;\" ><div class=\"fusion-builder-row fusion-row\"><div class=\"fusion-layout-column fusion_builder_column fusion-builder-column-0 fusion_builder_column_2_3 2_3 fusion-two-third fusion-column-first fusion-animated\" style=\"width:65.3333%; margin-right: 4%;margin-top:0px;margin-bottom:20px;\" data-animationType=\"fadeInDown\" data-animationDuration=\"0.1\" data-animationOffset=\"100%\"><div class=\"fusion-column-wrapper fusion-flex-column-wrapper-legacy\" style=\"background-position:left top;background-repeat:no-repeat;-webkit-background-size:cover;-moz-background-size:cover;-o-background-size:cover;background-size:cover;padding: 0px 0px 0px 0px;\"><div class=\"fusion-slider-sc fusion-flexslider-loading flexslider flexslider-hover-type-none\" data-slideshow_autoplay=\"1\" data-slideshow_smooth_height=\"0\" data-slideshow_speed=\"7000\" style=\"max-width:100%;height:100%;\"><ul class=\"slides\"><li class=\"image\"><span class=\"fusion-image-hover-element hover-type-none\"><img decoding=\"async\" src=\"http:\/\/yedimet.com\/wp-content\/uploads\/2017\/01\/IMG_0987a-1024x768.jpg\" \/><\/span><\/li><li class=\"image\"><span class=\"fusion-image-hover-element hover-type-none\"><img decoding=\"async\" src=\"http:\/\/yedimet.com\/wp-content\/uploads\/2017\/01\/IMG_0991-768x1024.jpg\" \/><\/span><\/li><li class=\"image\"><span class=\"fusion-image-hover-element hover-type-none\"><img decoding=\"async\" src=\"http:\/\/yedimet.com\/wp-content\/uploads\/2017\/01\/IMG_0989-768x1024.jpg\" \/><\/span><\/li><li class=\"image\"><span class=\"fusion-image-hover-element hover-type-none\"><img decoding=\"async\" src=\"http:\/\/yedimet.com\/wp-content\/uploads\/2017\/01\/IMG_0988-768x1024.jpg\" \/><\/span><\/li><\/ul><\/div><div class=\"fusion-text fusion-text-1\"><h2 style=\"text-align: center;\"><strong><em>Kalitemizle fark yarat\u0131yoruz<\/em><\/strong><\/h2>\n<h3 style=\"text-align: center;\"><strong><em>\u0130nsan sa\u011fl\u0131\u011f\u0131n\u0131n ne kadar de\u011ferli oldu\u011funun fark\u0131nday\u0131z, bunun bilincinde olarak her zaman taze ve en iyi mahsulleri tezgahlar\u0131m\u0131za getirerek, g\u00fcvenilir ve kalitemizle fark yarat\u0131yoruz s\u00f6z\u00fcm\u00fcz\u00fcn arkas\u0131nday\u0131z. <\/em><\/strong><\/h3>\n<\/div><div class=\"fusion-clearfix\"><\/div><\/div><\/div><div class=\"fusion-layout-column fusion_builder_column fusion-builder-column-1 fusion_builder_column_1_3 1_3 fusion-one-third fusion-column-last\" style=\"width:30.6666%;margin-top:0px;margin-bottom:20px;\"><div class=\"fusion-column-wrapper fusion-flex-column-wrapper-legacy\" style=\"background-position:left top;background-repeat:no-repeat;-webkit-background-size:cover;-moz-background-size:cover;-o-background-size:cover;background-size:cover;padding: 0px 0px 0px 0px;\"><div class=\"fusion-text fusion-text-2\"><h3 style=\"text-align: center;\"><span style=\"font-size: 16px;\"><strong><em>Hafta \u0130\u00e7i A\u00e7\u0131l\u0131\u015f &#8211; Kapan\u0131\u015f : 08.00 &#8211; 20.00<\/em><\/strong><\/span><\/h3>\n<h3 style=\"text-align: center;\"><span style=\"font-size: 16px;\"><strong><em>Hafta Sonu A\u00e7\u0131l\u0131\u015f &#8211; Kapan\u0131\u015f : 08.00 &#8211; 20.00<\/em><\/strong><\/span><\/h3>\n<\/div>\t\t\t\t\t<script type=\"text\/javascript\">\n\t\t\t\t\t\tvar map_fusion_map_69dd8dae6189b;\n\t\t\t\t\t\tvar markers = [];\n\t\t\t\t\t\tvar counter = 0;\n\t\t\t\t\t\t\t\t\t\t\t\t\t\t\t\t\t\t\t\tvar fusionMapNonce = '314efddc5c';\n\t\t\t\t\t\t\t\t\t\t\t\tfunction fusion_run_map_fusion_map_69dd8dae6189b() {\n\t\t\t\t\t\t\tjQuery('#fusion_map_69dd8dae6189b').fusion_maps({\n\t\t\t\t\t\t\t\taddresses: [{\"address\":\"41.6646647,26.5842474\",\"infobox_content\":\"\",\"coordinates\":true,\"latitude\":\"41.6646647\",\"longitude\":\"26.5842474\",\"cache\":true,\"geocoded_address\":\"41.6646647,26.5842474\"}],\n\t\t\t\t\t\t\t\tanimations: true,\n\t\t\t\t\t\t\t\tinfobox_background_color: '',\n\t\t\t\t\t\t\t\tinfobox_styling: 'default',\n\t\t\t\t\t\t\t\tinfobox_text_color: '',\n\t\t\t\t\t\t\t\tmap_style: 'default',\n\t\t\t\t\t\t\t\tmap_type: 'roadmap',\n\t\t\t\t\t\t\t\tmarker_icon: '',\n\t\t\t\t\t\t\t\toverlay_color: '',\n\t\t\t\t\t\t\t\toverlay_color_hsl: {\"hue\":0,\"sat\":0,\"lum\":100},\n\t\t\t\t\t\t\t\tpan_control: true,\n\t\t\t\t\t\t\t\tshow_address: true,\n\t\t\t\t\t\t\t\tscale_control: true,\n\t\t\t\t\t\t\t\tscrollwheel: true,\n\t\t\t\t\t\t\t\tzoom: 14,\n\t\t\t\t\t\t\t\tzoom_control: true,\n\t\t\t\t\t\t\t});\n\t\t\t\t\t\t}\n\n\t\t\t\t\t\tgoogle.maps.event.addDomListener(window, 'load', fusion_run_map_fusion_map_69dd8dae6189b);\n\t\t\t\t\t<\/script>\n\t\t\t\t\t<div class=\"shortcode-map fusion-google-map fusion-maps-js-type\" id=\"fusion_map_69dd8dae6189b\" style=\"height:300px;width:100%;\"><\/div><div class=\"fusion-text fusion-text-3\"><h3 style=\"text-align: center;\"><strong><em>Tel: (284) 236 40 36<\/em><\/strong><\/h3>\n<h3 style=\"text-align: center;\"><strong><em>Fax:(284) 236 40 35<\/em><\/strong><\/h3>\n<h3 style=\"text-align: center;\"><strong><em>mail: yedimet@yedimet.com<\/em><\/strong><\/h3>\n<\/div><div class=\"fusion-clearfix\"><\/div><\/div><\/div><\/div><\/div>\n","protected":false},"excerpt":{"rendered":"","protected":false},"author":1,"featured_media":0,"parent":0,"menu_order":0,"comment_status":"closed","ping_status":"closed","template":"","meta":{"footnotes":""},"acf":[],"_links":{"self":[{"href":"https:\/\/www.yedimet.com\/index.php\/wp-json\/wp\/v2\/pages\/5"}],"collection":[{"href":"https:\/\/www.yedimet.com\/index.php\/wp-json\/wp\/v2\/pages"}],"about":[{"href":"https:\/\/www.yedimet.com\/index.php\/wp-json\/wp\/v2\/types\/page"}],"author":[{"embeddable":true,"href":"https:\/\/www.yedimet.com\/index.php\/wp-json\/wp\/v2\/users\/1"}],"replies":[{"embeddable":true,"href":"https:\/\/www.yedimet.com\/index.php\/wp-json\/wp\/v2\/comments?post=5"}],"version-history":[{"count":91,"href":"https:\/\/www.yedimet.com\/index.php\/wp-json\/wp\/v2\/pages\/5\/revisions"}],"predecessor-version":[{"id":453,"href":"https:\/\/www.yedimet.com\/index.php\/wp-json\/wp\/v2\/pages\/5\/revisions\/453"}],"wp:attachment":[{"href":"https:\/\/www.yedimet.com\/index.php\/wp-json\/wp\/v2\/media?parent=5"}],"curies":[{"name":"wp","href":"https:\/\/api.w.org\/{rel}","templated":true}]}}