{"id":327,"date":"2018-04-24T22:36:35","date_gmt":"2018-04-24T19:36:35","guid":{"rendered":"http:\/\/yedimet.com\/?page_id=327"},"modified":"2018-04-25T13:13:09","modified_gmt":"2018-04-25T10:13:09","slug":"yemek-cesitlerimiz","status":"publish","type":"page","link":"https:\/\/www.yedimet.com\/index.php\/yemek-cesitlerimiz\/","title":{"rendered":"YEMEK \u00c7E\u015e\u0130TLER\u0130M\u0130Z"},"content":{"rendered":"<p><div class=\"fusion-fullwidth fullwidth-box fusion-builder-row-1 nonhundred-percent-fullwidth non-hundred-percent-height-scrolling\" style=\"background-color: rgba(255,255,255,0);background-position: center center;background-repeat: no-repeat;padding-top:0px;padding-right:0px;padding-bottom:0px;padding-left:0px;margin-bottom: 0px;margin-top: 0px;border-width: 0px 0px 0px 0px;border-color:#eae9e9;border-style:solid;\" ><div class=\"fusion-builder-row fusion-row\"><div class=\"fusion-layout-column fusion_builder_column fusion-builder-column-0 fusion_builder_column_1_1 1_1 fusion-one-full fusion-column-first fusion-column-last\" style=\"margin-top:0px;margin-bottom:20px;\"><div class=\"fusion-column-wrapper fusion-flex-column-wrapper-legacy\" style=\"background-position:left top;background-repeat:no-repeat;-webkit-background-size:cover;-moz-background-size:cover;-o-background-size:cover;background-size:cover;padding: 0px 0px 0px 0px;\"><div class=\"fusion-builder-row fusion-builder-row-inner fusion-row\"><div class=\"fusion-layout-column fusion_builder_column_inner fusion-builder-nested-column-0 fusion_builder_column_inner_1_1 1_1 fusion-one-full fusion-column-first fusion-column-last\" style=\"margin-top:0px;margin-bottom:20px;\"><div class=\"fusion-column-wrapper fusion-flex-column-wrapper-legacy\" style=\"background-position:left top;background-repeat:no-repeat;-webkit-background-size:cover;-moz-background-size:cover;-o-background-size:cover;background-size:cover;padding: 0px 0px 0px 0px;\"><div class=\"fusion-text fusion-text-1\"><p style=\"text-align: center;\"><span style=\"font-size: 24px; font-family: 'book antiqua', palatino, serif;\"><strong>G\u00fcne \u00d6zel \u00c7\u0131kan Yemekler<\/strong><\/span><\/p>\n<\/div><div class=\"fusion-clearfix\"><\/div><\/div><\/div><div class=\"fusion-layout-column fusion_builder_column_inner fusion-builder-nested-column-1 fusion_builder_column_inner_1_6 1_6 fusion-one-sixth fusion-column-first\" style=\"width:16.666666666667%;width:calc(16.666666666667% - ( ( 4% + 4% + 4% + 4% + 4% ) * 0.16666666666667 ) );margin-right: 4%;margin-top:0px;margin-bottom:20px;\"><div class=\"fusion-column-wrapper fusion-flex-column-wrapper-legacy\" style=\"background-position:left top;background-repeat:no-repeat;-webkit-background-size:cover;-moz-background-size:cover;-o-background-size:cover;background-size:cover;border:1px solid #c0a174;padding: 0px 0px 0px 0px;\"><div class=\"fusion-text fusion-text-2\"><p style=\"text-align: center;\"><span style=\"font-size: 24px; font-family: 'book antiqua', palatino, serif;\"><strong>Pazartesi<\/strong><\/span><\/p>\n<p style=\"text-align: center;\"><span style=\"font-size: 20px; font-family: 'book antiqua', palatino, serif;\"><strong>Terbiyeli K\u00f6fte<\/strong><\/span><\/p>\n<\/div><div class=\"fusion-clearfix\"><\/div><\/div><\/div><div class=\"fusion-layout-column fusion_builder_column_inner fusion-builder-nested-column-2 fusion_builder_column_inner_1_6 1_6 fusion-one-sixth\" style=\"width:16.666666666667%;width:calc(16.666666666667% - ( ( 4% + 4% + 4% + 4% + 4% ) * 0.16666666666667 ) );margin-right: 4%;margin-top:0px;margin-bottom:20px;\"><div class=\"fusion-column-wrapper fusion-flex-column-wrapper-legacy\" style=\"background-position:left top;background-repeat:no-repeat;-webkit-background-size:cover;-moz-background-size:cover;-o-background-size:cover;background-size:cover;border:1px solid #c0a174;padding: 0px 0px 0px 0px;\"><div class=\"fusion-text fusion-text-3\"><p style=\"text-align: center;\"><strong><span style=\"font-size: 24px; font-family: 'book antiqua', palatino, serif;\">Sal\u0131<\/span><\/strong><\/p>\n<p style=\"text-align: center;\"><strong><span style=\"font-size: 20px; font-family: 'book antiqua', palatino, serif;\">Terbiyeli K\u00f6fte<\/span><\/strong><\/p>\n<\/div><div class=\"fusion-clearfix\"><\/div><\/div><\/div><div class=\"fusion-layout-column fusion_builder_column_inner fusion-builder-nested-column-3 fusion_builder_column_inner_1_6 1_6 fusion-one-sixth\" style=\"width:16.666666666667%;width:calc(16.666666666667% - ( ( 4% + 4% + 4% + 4% + 4% ) * 0.16666666666667 ) );margin-right: 4%;margin-top:0px;margin-bottom:20px;\"><div class=\"fusion-column-wrapper fusion-flex-column-wrapper-legacy\" style=\"background-position:left top;background-repeat:no-repeat;-webkit-background-size:cover;-moz-background-size:cover;-o-background-size:cover;background-size:cover;border:1px solid #c0a174;padding: 0px 0px 0px 0px;\"><div class=\"fusion-text fusion-text-4\"><p style=\"text-align: center;\"><span style=\"font-size: 24px; font-family: 'book antiqua', palatino, serif;\"><strong>\u00c7ar\u015famba<\/strong><\/span><\/p>\n<p style=\"text-align: center;\"><span style=\"font-size: 20px; font-family: 'book antiqua', palatino, serif;\"><strong>Ci\u011fer Sarma<\/strong><\/span><\/p>\n<\/div><div class=\"fusion-clearfix\"><\/div><\/div><\/div><div class=\"fusion-layout-column fusion_builder_column_inner fusion-builder-nested-column-4 fusion_builder_column_inner_1_6 1_6 fusion-one-sixth\" style=\"width:16.666666666667%;width:calc(16.666666666667% - ( ( 4% + 4% + 4% + 4% + 4% ) * 0.16666666666667 ) );margin-right: 4%;margin-top:0px;margin-bottom:20px;\"><div class=\"fusion-column-wrapper fusion-flex-column-wrapper-legacy\" style=\"background-position:left top;background-repeat:no-repeat;-webkit-background-size:cover;-moz-background-size:cover;-o-background-size:cover;background-size:cover;border:1px solid #c0a174;padding: 0px 0px 0px 0px;\"><div class=\"fusion-text fusion-text-5\"><p style=\"text-align: center;\"><span style=\"font-size: 24px; font-family: 'book antiqua', palatino, serif;\"><strong>Per\u015fembe<\/strong><\/span><\/p>\n<p style=\"text-align: center;\"><span style=\"font-size: 20px; font-family: 'book antiqua', palatino, serif;\"><strong>\u0130stin K\u00f6fte<\/strong><\/span><\/p>\n<\/div><div class=\"fusion-clearfix\"><\/div><\/div><\/div><div class=\"fusion-layout-column fusion_builder_column_inner fusion-builder-nested-column-5 fusion_builder_column_inner_1_6 1_6 fusion-one-sixth\" style=\"width:16.666666666667%;width:calc(16.666666666667% - ( ( 4% + 4% + 4% + 4% + 4% ) * 0.16666666666667 ) );margin-right: 4%;margin-top:0px;margin-bottom:20px;\"><div class=\"fusion-column-wrapper fusion-flex-column-wrapper-legacy\" style=\"background-position:left top;background-repeat:no-repeat;-webkit-background-size:cover;-moz-background-size:cover;-o-background-size:cover;background-size:cover;border:1px solid #c0a174;padding: 0px 0px 0px 0px;\"><div class=\"fusion-text fusion-text-6\"><p style=\"text-align: center;\"><span style=\"font-size: 24px; font-family: 'book antiqua', palatino, serif;\"><strong>Cuma<\/strong><\/span><\/p>\n<p style=\"text-align: center;\"><span style=\"font-size: 20px; font-family: 'book antiqua', palatino, serif;\"><strong>Kad\u0131nbudu<\/strong><\/span><\/p>\n<\/div><div class=\"fusion-clearfix\"><\/div><\/div><\/div><div class=\"fusion-layout-column fusion_builder_column_inner fusion-builder-nested-column-6 fusion_builder_column_inner_1_6 1_6 fusion-one-sixth fusion-column-last\" style=\"width:16.666666666667%;width:calc(16.666666666667% - ( ( 4% + 4% + 4% + 4% + 4% ) * 0.16666666666667 ) );margin-top:0px;margin-bottom:20px;\"><div class=\"fusion-column-wrapper fusion-flex-column-wrapper-legacy\" style=\"background-position:left top;background-repeat:no-repeat;-webkit-background-size:cover;-moz-background-size:cover;-o-background-size:cover;background-size:cover;border:1px solid #c0a174;padding: 0px 0px 0px 0px;\"><div class=\"fusion-text fusion-text-7\"><p style=\"text-align: center;\"><span style=\"font-size: 24px; font-family: 'book antiqua', palatino, serif;\"><strong>Cumartesi<\/strong><\/span><\/p>\n<p style=\"text-align: center;\"><span style=\"font-size: 20px; font-family: 'book antiqua', palatino, serif;\"><strong>Yedim K\u00f6fte<\/strong><\/span><\/p>\n<\/div><div class=\"fusion-clearfix\"><\/div><\/div><\/div><\/div><div class=\"fusion-clearfix\"><\/div><\/div><\/div><\/div><\/div><div class=\"fusion-fullwidth fullwidth-box fusion-builder-row-2 nonhundred-percent-fullwidth non-hundred-percent-height-scrolling\" style=\"background-color: rgba(255,255,255,0);background-position: center center;background-repeat: no-repeat;padding-top:0px;padding-right:0px;padding-bottom:0px;padding-left:0px;margin-bottom: 0px;margin-top: 0px;border-width: 0px 0px 0px 0px;border-color:#eae9e9;border-style:solid;\" ><div class=\"fusion-builder-row fusion-row\"><div class=\"fusion-layout-column fusion_builder_column fusion-builder-column-1 fusion_builder_column_1_3 1_3 fusion-one-third fusion-column-first\" style=\"width:33.333333333333%;width:calc(33.333333333333% - ( ( 4% + 4% ) * 0.33333333333333 ) );margin-right: 4%;margin-top:0px;margin-bottom:20px;\"><div class=\"fusion-column-wrapper fusion-flex-column-wrapper-legacy\" style=\"background-position:left top;background-repeat:no-repeat;-webkit-background-size:cover;-moz-background-size:cover;-o-background-size:cover;background-size:cover;padding: 0px 0px 0px 0px;\"><div class=\"fusion-text fusion-text-8\"><p style=\"text-align: center;\"><img decoding=\"async\" class=\"aligncenter wp-image-371 size-full\" src=\"http:\/\/yedimet.com\/wp-content\/uploads\/2018\/04\/mercimek-\u00e7orbas\u0131-1.png\" alt=\"\" width=\"400\" height=\"300\" srcset=\"https:\/\/www.yedimet.com\/wp-content\/uploads\/2018\/04\/mercimek-\u00e7orbas\u0131-1-200x150.png 200w, https:\/\/www.yedimet.com\/wp-content\/uploads\/2018\/04\/mercimek-\u00e7orbas\u0131-1-300x225.png 300w, https:\/\/www.yedimet.com\/wp-content\/uploads\/2018\/04\/mercimek-\u00e7orbas\u0131-1.png 400w\" sizes=\"(max-width: 400px) 100vw, 400px\" \/><\/p>\n<p style=\"text-align: center;\"><span style=\"font-size: 24px; color: #3e524a;\"><span style=\"font-family: 'book antiqua', palatino, serif;\">\u00c7ORBALAR\u00a0<\/span><span style=\"font-family: 'book antiqua', palatino, serif;\">ve\u00a0<\/span><span style=\"font-family: 'book antiqua', palatino, serif;\">SALATALAR<\/span><\/span><\/p>\n<p style=\"text-align: center;\"><span style=\"color: #3e524a; font-family: 'book antiqua', palatino, serif; font-size: 20px;\">Mercimek \u00c7orbas\u0131<\/span><\/p>\n<p style=\"text-align: center;\"><span style=\"color: #3e524a; font-family: 'book antiqua', palatino, serif; font-size: 20px;\">Tavuk \u00c7orbas\u0131<\/span><\/p>\n<p style=\"text-align: center;\"><span style=\"color: #3e524a; font-family: 'book antiqua', palatino, serif; font-size: 20px;\">\u0130\u015fkembe \u00c7orbas\u0131<\/span><\/p>\n<p style=\"text-align: center;\"><span style=\"font-family: 'book antiqua', palatino, serif; font-size: 20px; color: #3e524a;\">Kelle Pa\u00e7a \u00c7orbas\u0131<\/span><\/p>\n<p style=\"text-align: center;\"><span style=\"font-family: 'book antiqua', palatino, serif; color: #3e524a; font-size: 20px;\">\u00c7oban Salatas\u0131<\/span><\/p>\n<\/div><div class=\"fusion-clearfix\"><\/div><\/div><\/div><div class=\"fusion-layout-column fusion_builder_column fusion-builder-column-2 fusion_builder_column_1_3 1_3 fusion-one-third\" style=\"width:33.333333333333%;width:calc(33.333333333333% - ( ( 4% + 4% ) * 0.33333333333333 ) );margin-right: 4%;margin-top:0px;margin-bottom:20px;\"><div class=\"fusion-column-wrapper fusion-flex-column-wrapper-legacy\" style=\"background-position:left top;background-repeat:no-repeat;-webkit-background-size:cover;-moz-background-size:cover;-o-background-size:cover;background-size:cover;padding: 0px 0px 0px 0px;\"><div class=\"fusion-text fusion-text-9\"><p><span style=\"font-family: 'book antiqua', palatino, serif; font-size: 20px;\"><img decoding=\"async\" class=\"aligncenter wp-image-369 size-full\" src=\"http:\/\/yedimet.com\/wp-content\/uploads\/2018\/04\/suluyemek.png\" alt=\"\" width=\"400\" height=\"300\" srcset=\"https:\/\/www.yedimet.com\/wp-content\/uploads\/2018\/04\/suluyemek-200x150.png 200w, https:\/\/www.yedimet.com\/wp-content\/uploads\/2018\/04\/suluyemek-300x225.png 300w, https:\/\/www.yedimet.com\/wp-content\/uploads\/2018\/04\/suluyemek.png 400w\" sizes=\"(max-width: 400px) 100vw, 400px\" \/><\/span><\/p>\n<p style=\"text-align: center;\"><span style=\"font-family: 'book antiqua', palatino, serif; font-size: 24px; color: #3e524a;\">SULU YEMEKLER<\/span><\/p>\n<\/div><div class=\"fusion-clearfix\"><\/div><\/div><\/div><div class=\"fusion-layout-column fusion_builder_column fusion-builder-column-3 fusion_builder_column_1_3 1_3 fusion-one-third fusion-column-last\" style=\"width:33.333333333333%;width:calc(33.333333333333% - ( ( 4% + 4% ) * 0.33333333333333 ) );margin-top:0px;margin-bottom:20px;\"><div class=\"fusion-column-wrapper fusion-flex-column-wrapper-legacy\" style=\"background-position:left top;background-repeat:no-repeat;-webkit-background-size:cover;-moz-background-size:cover;-o-background-size:cover;background-size:cover;padding: 0px 0px 0px 0px;\"><div class=\"fusion-text fusion-text-10\"><p><span style=\"font-family: 'book antiqua', palatino, serif; font-size: 20px;\"><img decoding=\"async\" class=\"aligncenter wp-image-368 size-full\" src=\"http:\/\/yedimet.com\/wp-content\/uploads\/2018\/04\/\u0131zgarak\u00f6fte.png\" alt=\"\" width=\"400\" height=\"300\" srcset=\"https:\/\/www.yedimet.com\/wp-content\/uploads\/2018\/04\/\u0131zgarak\u00f6fte-200x150.png 200w, https:\/\/www.yedimet.com\/wp-content\/uploads\/2018\/04\/\u0131zgarak\u00f6fte-300x225.png 300w, https:\/\/www.yedimet.com\/wp-content\/uploads\/2018\/04\/\u0131zgarak\u00f6fte.png 400w\" sizes=\"(max-width: 400px) 100vw, 400px\" \/><\/span><\/p>\n<p style=\"text-align: center;\"><span style=\"font-family: 'book antiqua', palatino, serif; font-size: 24px; color: #3e524a;\">IZGARA ve T\u00dcREV\u0130<\/span><\/p>\n<p style=\"text-align: center;\"><span style=\"color: #3e524a; font-size: 20px; font-family: 'book antiqua', palatino, serif;\">Izgara K\u00f6fte<\/span><\/p>\n<p style=\"text-align: center;\"><span style=\"color: #3e524a; font-size: 20px; font-family: 'book antiqua', palatino, serif;\">Edirne Ci\u011feri ( Tava Ci\u011fer )<\/span><\/p>\n<p style=\"text-align: center;\"><span style=\"color: #3e524a; font-size: 20px; font-family: 'book antiqua', palatino, serif;\">Et D\u00f6ner<\/span><\/p>\n<p style=\"text-align: center;\"><span style=\"color: #3e524a; font-size: 20px; font-family: 'book antiqua', palatino, serif;\">Tavuk D\u00f6ner<\/span><\/p>\n<\/div><div class=\"fusion-clearfix\"><\/div><\/div><\/div><div class=\"fusion-layout-column fusion_builder_column fusion-builder-column-4 fusion_builder_column_1_3 1_3 fusion-one-third fusion-column-first\" style=\"width:33.333333333333%;width:calc(33.333333333333% - ( ( 4% + 4% ) * 0.33333333333333 ) );margin-right: 4%;margin-top:0px;margin-bottom:20px;\"><div class=\"fusion-column-wrapper fusion-flex-column-wrapper-legacy\" style=\"background-position:left top;background-repeat:no-repeat;-webkit-background-size:cover;-moz-background-size:cover;-o-background-size:cover;background-size:cover;padding: 0px 0px 0px 0px;\"><div class=\"fusion-text fusion-text-11\"><p style=\"text-align: left;\"><img decoding=\"async\" class=\"aligncenter wp-image-365 size-full\" src=\"http:\/\/yedimet.com\/wp-content\/uploads\/2018\/04\/trile\u00e7e.png\" alt=\"\" width=\"400\" height=\"300\" srcset=\"https:\/\/www.yedimet.com\/wp-content\/uploads\/2018\/04\/trile\u00e7e-200x150.png 200w, https:\/\/www.yedimet.com\/wp-content\/uploads\/2018\/04\/trile\u00e7e-300x225.png 300w, https:\/\/www.yedimet.com\/wp-content\/uploads\/2018\/04\/trile\u00e7e.png 400w\" sizes=\"(max-width: 400px) 100vw, 400px\" \/><\/p>\n<p style=\"text-align: center;\"><span style=\"font-family: 'book antiqua', palatino, serif; font-size: 24px; color: #3e524a;\">TATLILAR<\/span><\/p>\n<p style=\"text-align: center;\"><span style=\"color: #3e524a; font-size: 20px; font-family: 'book antiqua', palatino, serif;\">Trili\u00e7e<\/span><\/p>\n<p style=\"text-align: center;\"><span style=\"color: #3e524a; font-size: 20px; font-family: 'book antiqua', palatino, serif;\">Hayrabolu Tatl\u0131s\u0131<\/span><\/p>\n<p style=\"text-align: center;\"><span style=\"color: #3e524a; font-size: 20px; font-family: 'book antiqua', palatino, serif;\">S\u00fctla\u00e7<\/span><\/p>\n<p style=\"text-align: center;\"><span style=\"color: #3e524a; font-size: 20px; font-family: 'book antiqua', palatino, serif;\">Peynir Tatl\u0131s\u0131<\/span><\/p>\n<\/div><div class=\"fusion-clearfix\"><\/div><\/div><\/div><div class=\"fusion-layout-column fusion_builder_column fusion-builder-column-5 fusion_builder_column_1_3 1_3 fusion-one-third\" style=\"width:33.333333333333%;width:calc(33.333333333333% - ( ( 4% + 4% ) * 0.33333333333333 ) );margin-right: 4%;margin-top:0px;margin-bottom:20px;\"><div class=\"fusion-column-wrapper fusion-flex-column-wrapper-legacy\" style=\"background-position:left top;background-repeat:no-repeat;-webkit-background-size:cover;-moz-background-size:cover;-o-background-size:cover;background-size:cover;padding: 0px 0px 0px 0px;\"><div class=\"fusion-clearfix\"><\/div><\/div><\/div><div class=\"fusion-layout-column fusion_builder_column fusion-builder-column-6 fusion_builder_column_1_3 1_3 fusion-one-third fusion-column-last\" style=\"width:33.333333333333%;width:calc(33.333333333333% - ( ( 4% + 4% ) * 0.33333333333333 ) );margin-top:0px;margin-bottom:20px;\"><div class=\"fusion-column-wrapper fusion-flex-column-wrapper-legacy\" style=\"background-position:left top;background-repeat:no-repeat;-webkit-background-size:cover;-moz-background-size:cover;-o-background-size:cover;background-size:cover;padding: 0px 0px 0px 0px;\"><div class=\"fusion-clearfix\"><\/div><\/div><\/div><\/div><\/div><\/p>\n","protected":false},"excerpt":{"rendered":"","protected":false},"author":1,"featured_media":0,"parent":0,"menu_order":0,"comment_status":"closed","ping_status":"closed","template":"","meta":{"footnotes":""},"acf":[],"_links":{"self":[{"href":"https:\/\/www.yedimet.com\/index.php\/wp-json\/wp\/v2\/pages\/327"}],"collection":[{"href":"https:\/\/www.yedimet.com\/index.php\/wp-json\/wp\/v2\/pages"}],"about":[{"href":"https:\/\/www.yedimet.com\/index.php\/wp-json\/wp\/v2\/types\/page"}],"author":[{"embeddable":true,"href":"https:\/\/www.yedimet.com\/index.php\/wp-json\/wp\/v2\/users\/1"}],"replies":[{"embeddable":true,"href":"https:\/\/www.yedimet.com\/index.php\/wp-json\/wp\/v2\/comments?post=327"}],"version-history":[{"count":43,"href":"https:\/\/www.yedimet.com\/index.php\/wp-json\/wp\/v2\/pages\/327\/revisions"}],"predecessor-version":[{"id":377,"href":"https:\/\/www.yedimet.com\/index.php\/wp-json\/wp\/v2\/pages\/327\/revisions\/377"}],"wp:attachment":[{"href":"https:\/\/www.yedimet.com\/index.php\/wp-json\/wp\/v2\/media?parent=327"}],"curies":[{"name":"wp","href":"https:\/\/api.w.org\/{rel}","templated":true}]}}